{"id":32,"date":"2020-04-19T09:45:59","date_gmt":"2020-04-19T09:45:59","guid":{"rendered":"http:\/\/schuetzenverein-ruetenbrock.de\/?page_id=32"},"modified":"2025-08-13T10:59:07","modified_gmt":"2025-08-13T08:59:07","slug":"herzlich-willkommen-2","status":"publish","type":"page","link":"https:\/\/schuetzenverein-ruetenbrock.de\/","title":{"rendered":"Herzlich willkommen"},"content":{"rendered":"\n<p><em>Unsere Website ist noch nicht ganz fertig, sie wird st\u00e4ndig  weiter entwickelt..<\/em><\/p>\n\n\n\n<p><strong>Wir sind gl\u00fccklich, dass wir alle unsere bisherigen Sch\u00fctzenk\u00f6nigspaare und Throne vorstellen k\u00f6nnen. Die Reihe der erfolgreichen Vereinsmeister wurde ebenfalls auf aktuellen Stand gebracht und unter der Rubrik &#8222;\u00dcber uns&#8220; stellen wir unsere Funktionstr\u00e4ger vor. Die Entstehung unseres Sch\u00fctzenvereins wird  unter der Rubrik &#8222;Geschichte&#8220; lebendig. <\/strong><\/p>\n\n\n\n<p>Wer Lust darauf versp\u00fcrt, sich \u00fcber die wichtigen Dinge unseres Vereins zu informieren, ist uns herzlich willkommen (Telefon: 0170 2106917 oder E-Mail info@schuetzenverein-Ruetenbrock.de), bitte einfach Kontakt aufnehmen.<\/p>\n\n\n\n<p><\/p>\n\n\n\n<div id=\"metaslider-id-438\" style=\"width: 100%;\" class=\"ml-slider-3-108-0 metaslider metaslider-flex metaslider-438 ml-slider hide-slideshow-smartphone hide-arrows-smartphone hide-navigation-smartphone has-dots-nav ml-slider-lightbox-2-22-0 lightbox-disabled ms-theme-default-base\" role=\"region\" aria-label=\"New Slideshow\" data-height=\"500\" data-width=\"1000\">\n    <div id=\"metaslider_container_438\">\n        <div id=\"metaslider_438\">\n            <ul class='slides'>\n                <li style=\"display: block; width: 100%;\" class=\"slide-439 ms-image \" aria-roledescription=\"slide\" data-date=\"2025-07-07 00:19:51\" data-filename=\"IMG_2165-scaled-1000x500.jpg\" data-slide-type=\"image\"><img loading=\"lazy\" decoding=\"async\" src=\"https:\/\/schuetzenverein-ruetenbrock.de\/wp-content\/uploads\/2025\/07\/IMG_2165-scaled-1000x500.jpg\" height=\"500\" width=\"1000\" alt=\"\" class=\"slider-438 slide-439 msDefaultImage\" title=\"IMG_2165\" \/><\/li>\n                <li style=\"display: none; width: 100%;\" class=\"slide-440 ms-image \" aria-roledescription=\"slide\" data-date=\"2025-07-07 00:19:51\" data-filename=\"1000009188-1000x500.jpg\" data-slide-type=\"image\"><img loading=\"lazy\" decoding=\"async\" src=\"https:\/\/schuetzenverein-ruetenbrock.de\/wp-content\/uploads\/2025\/07\/1000009188-1000x500.jpg\" height=\"500\" width=\"1000\" alt=\"\" class=\"slider-438 slide-440 msDefaultImage\" title=\"1000009188\" \/><\/li>\n                <li style=\"display: none; width: 100%;\" class=\"slide-441 ms-image \" aria-roledescription=\"slide\" data-date=\"2025-07-07 00:19:51\" data-filename=\"BSV-Vereinskaiser-1-e1755095094249-1000x500.png\" data-slide-type=\"image\"><img loading=\"lazy\" decoding=\"async\" src=\"https:\/\/schuetzenverein-ruetenbrock.de\/wp-content\/uploads\/2025\/08\/BSV-Vereinskaiser-1-e1755095094249-1000x500.png\" height=\"500\" width=\"1000\" alt=\"\" class=\"slider-438 slide-441 msDefaultImage\" title=\"BSV Vereinskaiser\" \/><\/li>\n                <li style=\"display: none; width: 100%;\" class=\"slide-444 ms-image \" aria-roledescription=\"slide\" data-date=\"2025-07-07 00:19:52\" data-filename=\"BSV-2025-e1755095263362-1000x500.png\" data-slide-type=\"image\"><img loading=\"lazy\" decoding=\"async\" src=\"https:\/\/schuetzenverein-ruetenbrock.de\/wp-content\/uploads\/2025\/07\/BSV-2025-e1755095263362-1000x500.png\" height=\"500\" width=\"1000\" alt=\"\" class=\"slider-438 slide-444 msDefaultImage\" title=\"BSV 2025\" \/><\/li>\n                <li style=\"display: none; width: 100%;\" class=\"slide-454 ms-image \" aria-roledescription=\"slide\" data-date=\"2025-07-07 01:48:17\" data-filename=\"Thron-BSV-Ruetenbrock-2005-2026-1000x500.jpg\" data-slide-type=\"image\"><img loading=\"lazy\" decoding=\"async\" src=\"https:\/\/schuetzenverein-ruetenbrock.de\/wp-content\/uploads\/2025\/07\/Thron-BSV-Ruetenbrock-2005-2026-1000x500.jpg\" height=\"500\" width=\"1000\" alt=\"\" class=\"slider-438 slide-454 msDefaultImage\" title=\"Thron BSV R\u00fctenbrock 2005-2026\" \/><\/li>\n                <li style=\"display: none; width: 100%;\" class=\"slide-456 ms-image \" aria-roledescription=\"slide\" data-date=\"2025-07-07 01:48:17\" data-filename=\"Bauzaun-BSV-2025-5-1000x500.png\" data-slide-type=\"image\"><img loading=\"lazy\" decoding=\"async\" src=\"https:\/\/schuetzenverein-ruetenbrock.de\/wp-content\/uploads\/2025\/07\/Bauzaun-BSV-2025-5-1000x500.png\" height=\"500\" width=\"1000\" alt=\"\" class=\"slider-438 slide-456 msDefaultImage\" title=\"Bauzaun BSV 2025 (5)\" \/><\/li>\n                <li style=\"display: none; width: 100%;\" class=\"slide-457 ms-image \" aria-roledescription=\"slide\" data-date=\"2025-07-07 01:48:17\" data-filename=\"Bauzaun-BSV-2025-4-1000x500.png\" data-slide-type=\"image\"><img loading=\"lazy\" decoding=\"async\" src=\"https:\/\/schuetzenverein-ruetenbrock.de\/wp-content\/uploads\/2025\/07\/Bauzaun-BSV-2025-4-1000x500.png\" height=\"500\" width=\"1000\" alt=\"\" class=\"slider-438 slide-457 msDefaultImage\" title=\"Bauzaun BSV 2025 (4)\" \/><\/li>\n                <li style=\"display: none; width: 100%;\" class=\"slide-458 ms-image \" aria-roledescription=\"slide\" data-date=\"2025-07-07 01:48:17\" data-filename=\"Bauzaun-BSV-2025-3-1000x500.png\" data-slide-type=\"image\"><img loading=\"lazy\" decoding=\"async\" src=\"https:\/\/schuetzenverein-ruetenbrock.de\/wp-content\/uploads\/2025\/07\/Bauzaun-BSV-2025-3-1000x500.png\" height=\"500\" width=\"1000\" alt=\"\" class=\"slider-438 slide-458 msDefaultImage\" title=\"Bauzaun BSV 2025 (3)\" \/><\/li>\n                <li style=\"display: none; width: 100%;\" class=\"slide-649 ms-image \" aria-roledescription=\"slide\" data-date=\"2025-08-13 11:57:55\" data-filename=\"BSV-Vereinskaiser-1-e1755095094249-1000x500.png\" data-slide-type=\"image\"><img loading=\"lazy\" decoding=\"async\" src=\"https:\/\/schuetzenverein-ruetenbrock.de\/wp-content\/uploads\/2025\/08\/BSV-Vereinskaiser-1-e1755095094249-1000x500.png\" height=\"500\" width=\"1000\" alt=\"\" class=\"slider-438 slide-649 msDefaultImage\" title=\"BSV Vereinskaiser\" \/><\/li>\n                <li style=\"display: none; width: 100%;\" class=\"slide-784 ms-image \" aria-roledescription=\"slide\" data-date=\"2026-03-18 15:33:25\" data-filename=\"cropped-LOGO-BSV-Ruetenbrock-1000x500.png\" data-slide-type=\"image\"><img loading=\"lazy\" decoding=\"async\" src=\"https:\/\/schuetzenverein-ruetenbrock.de\/wp-content\/uploads\/2026\/01\/cropped-LOGO-BSV-Ruetenbrock-1000x500.png\" height=\"500\" width=\"1000\" alt=\"\" class=\"slider-438 slide-784 msDefaultImage\" title=\"cropped-LOGO-BSV-Ruetenbrock.png\" \/><\/li>\n                <li style=\"display: none; width: 100%;\" class=\"slide-785 ms-image \" aria-roledescription=\"slide\" data-date=\"2026-03-18 15:35:08\" data-filename=\"11-15-1000x500.png\" data-slide-type=\"image\"><img loading=\"lazy\" decoding=\"async\" src=\"https:\/\/schuetzenverein-ruetenbrock.de\/wp-content\/uploads\/2025\/07\/11-15-1000x500.png\" height=\"500\" width=\"1000\" alt=\"\" class=\"slider-438 slide-785 msDefaultImage\" title=\"11-15\" \/><\/li>\n            <\/ul>\n        <\/div>\n        \n    <\/div>\n<\/div>\n\n\n\n<p><\/p>\n","protected":false},"excerpt":{"rendered":"<p>Unsere Website ist noch nicht ganz fertig, sie wird st\u00e4ndig weiter entwickelt.. Wir sind gl\u00fccklich, dass wir alle unsere bisherigen Sch\u00fctzenk\u00f6nigspaare und Throne vorstellen k\u00f6nnen. Die Reihe der erfolgreichen Vereinsmeister wurde ebenfalls auf aktuellen Stand gebracht und unter der Rubrik &hellip; <a href=\"https:\/\/schuetzenverein-ruetenbrock.de\/\">Weiterlesen <span class=\"meta-nav\">&rarr;<\/span><\/a><\/p>\n","protected":false},"author":1,"featured_media":0,"parent":0,"menu_order":0,"comment_status":"closed","ping_status":"closed","template":"","meta":{"footnotes":""},"class_list":["post-32","page","type-page","status-publish","hentry"],"_links":{"self":[{"href":"https:\/\/schuetzenverein-ruetenbrock.de\/index.php?rest_route=\/wp\/v2\/pages\/32","targetHints":{"allow":["GET"]}}],"collection":[{"href":"https:\/\/schuetzenverein-ruetenbrock.de\/index.php?rest_route=\/wp\/v2\/pages"}],"about":[{"href":"https:\/\/schuetzenverein-ruetenbrock.de\/index.php?rest_route=\/wp\/v2\/types\/page"}],"author":[{"embeddable":true,"href":"https:\/\/schuetzenverein-ruetenbrock.de\/index.php?rest_route=\/wp\/v2\/users\/1"}],"replies":[{"embeddable":true,"href":"https:\/\/schuetzenverein-ruetenbrock.de\/index.php?rest_route=%2Fwp%2Fv2%2Fcomments&post=32"}],"version-history":[{"count":17,"href":"https:\/\/schuetzenverein-ruetenbrock.de\/index.php?rest_route=\/wp\/v2\/pages\/32\/revisions"}],"predecessor-version":[{"id":647,"href":"https:\/\/schuetzenverein-ruetenbrock.de\/index.php?rest_route=\/wp\/v2\/pages\/32\/revisions\/647"}],"wp:attachment":[{"href":"https:\/\/schuetzenverein-ruetenbrock.de\/index.php?rest_route=%2Fwp%2Fv2%2Fmedia&parent=32"}],"curies":[{"name":"wp","href":"https:\/\/api.w.org\/{rel}","templated":true}]}}