{"id":40,"date":"2020-04-19T10:28:58","date_gmt":"2020-04-19T10:28:58","guid":{"rendered":"http:\/\/schuetzenverein-ruetenbrock.de\/?page_id=40"},"modified":"2025-08-13T20:58:29","modified_gmt":"2025-08-13T18:58:29","slug":"impressum","status":"publish","type":"page","link":"https:\/\/schuetzenverein-ruetenbrock.de\/?page_id=40","title":{"rendered":"Impressum"},"content":{"rendered":"\n<p><strong>Impressum<\/strong><strong><\/strong><\/p>\n\n\n\n<ul class=\"wp-block-list\">\n<li><strong>B\u00fcrgersch\u00fctzenverein R\u00fctenbrock e. V.<\/strong> <\/li>\n\n\n\n<li><strong>Schulstra\u00dfe 10<\/strong><\/li>\n\n\n\n<li><strong>49733 Haren R\u00fctenbrock<\/strong><\/li>\n\n\n\n<li>Vereinsregister: VR 120131 Registergericht: Amtsgericht Osnabr\u00fcck<\/li>\n\n\n\n<li><strong>Vertreten<\/strong><strong> <\/strong><strong>durch:<\/strong><strong><\/strong><\/li>\n\n\n\n<li>Frank Roesler, Gerd Hermes, Christian Tieben, Arnold Terborg.<\/li>\n\n\n\n<li><strong>Kontakt<\/strong><strong><\/strong><\/li>\n\n\n\n<li>Telefon: +49(0)170 2106917<\/li>\n\n\n\n<li>E-Mail: <a href=\"mailto:info@schuetzenverein-ruetenbrock.de\">info@schuetzenverein-ruetenbrock.de<\/a><\/li>\n\n\n\n<li><strong>Umsatzsteuer-<\/strong><strong>ID<\/strong><strong><\/strong><\/li>\n\n\n\n<li>Umsatzsteuer-Identifikationsnummer gem\u00e4\u00df \u00a7 27 a Umsatzsteuergesetz: <\/li>\n\n\n\n<li><strong>Redaktionell <\/strong><strong>verantwortlich<\/strong><strong><\/strong><\/li>\n\n\n\n<li>Arnold Terborg<\/li>\n\n\n\n<li><strong>Verbraucherstreitbeilegung\/Universalschlichtungsstelle<\/strong><strong><\/strong><\/li>\n\n\n\n<li>Wir sind nicht bereit oder verpflichtet, an Streitbeilegungsverfahren vor einer Verbraucherschlichtungsstelle teilzunehmen.<\/li>\n<\/ul>\n\n\n\n<p>Quelle: <a href=\"https:\/\/www.e-recht24.de\">https:\/\/www.e-recht24.de<\/a><\/p>\n\n\n\n<pre class=\"wp-block-code\"><code><br><\/code><\/pre>\n","protected":false},"excerpt":{"rendered":"<p>Impressum Quelle: https:\/\/www.e-recht24.de<\/p>\n","protected":false},"author":1,"featured_media":0,"parent":0,"menu_order":0,"comment_status":"closed","ping_status":"closed","template":"","meta":{"footnotes":""},"class_list":["post-40","page","type-page","status-publish","hentry"],"_links":{"self":[{"href":"https:\/\/schuetzenverein-ruetenbrock.de\/index.php?rest_route=\/wp\/v2\/pages\/40","targetHints":{"allow":["GET"]}}],"collection":[{"href":"https:\/\/schuetzenverein-ruetenbrock.de\/index.php?rest_route=\/wp\/v2\/pages"}],"about":[{"href":"https:\/\/schuetzenverein-ruetenbrock.de\/index.php?rest_route=\/wp\/v2\/types\/page"}],"author":[{"embeddable":true,"href":"https:\/\/schuetzenverein-ruetenbrock.de\/index.php?rest_route=\/wp\/v2\/users\/1"}],"replies":[{"embeddable":true,"href":"https:\/\/schuetzenverein-ruetenbrock.de\/index.php?rest_route=%2Fwp%2Fv2%2Fcomments&post=40"}],"version-history":[{"count":3,"href":"https:\/\/schuetzenverein-ruetenbrock.de\/index.php?rest_route=\/wp\/v2\/pages\/40\/revisions"}],"predecessor-version":[{"id":667,"href":"https:\/\/schuetzenverein-ruetenbrock.de\/index.php?rest_route=\/wp\/v2\/pages\/40\/revisions\/667"}],"wp:attachment":[{"href":"https:\/\/schuetzenverein-ruetenbrock.de\/index.php?rest_route=%2Fwp%2Fv2%2Fmedia&parent=40"}],"curies":[{"name":"wp","href":"https:\/\/api.w.org\/{rel}","templated":true}]}}