{"id":43,"date":"2020-04-19T10:28:58","date_gmt":"2020-04-19T10:28:58","guid":{"rendered":"http:\/\/schuetzenverein-ruetenbrock.de\/?page_id=43"},"modified":"2026-03-18T15:03:37","modified_gmt":"2026-03-18T14:03:37","slug":"aktuelles","status":"publish","type":"page","link":"https:\/\/schuetzenverein-ruetenbrock.de\/?page_id=43","title":{"rendered":"Aktuelles &#038; Termine"},"content":{"rendered":"\n<figure class=\"wp-block-image size-large is-resized\"><img loading=\"lazy\" decoding=\"async\" width=\"723\" height=\"1024\" src=\"https:\/\/schuetzenverein-ruetenbrock.de\/wp-content\/uploads\/2026\/03\/Plakat-Plakettenschiessen-2026-723x1024.png\" alt=\"\" class=\"wp-image-776\" style=\"width:368px;height:auto\" srcset=\"https:\/\/schuetzenverein-ruetenbrock.de\/wp-content\/uploads\/2026\/03\/Plakat-Plakettenschiessen-2026-723x1024.png 723w, https:\/\/schuetzenverein-ruetenbrock.de\/wp-content\/uploads\/2026\/03\/Plakat-Plakettenschiessen-2026-212x300.png 212w, https:\/\/schuetzenverein-ruetenbrock.de\/wp-content\/uploads\/2026\/03\/Plakat-Plakettenschiessen-2026-768x1088.png 768w, https:\/\/schuetzenverein-ruetenbrock.de\/wp-content\/uploads\/2026\/03\/Plakat-Plakettenschiessen-2026-1084x1536.png 1084w, https:\/\/schuetzenverein-ruetenbrock.de\/wp-content\/uploads\/2026\/03\/Plakat-Plakettenschiessen-2026-1446x2048.png 1446w, https:\/\/schuetzenverein-ruetenbrock.de\/wp-content\/uploads\/2026\/03\/Plakat-Plakettenschiessen-2026-scaled.png 1807w\" sizes=\"auto, (max-width: 723px) 100vw, 723px\" \/><figcaption class=\"wp-element-caption\">Plakat zum Download<\/figcaption><\/figure>\n\n\n\n<p><\/p>\n\n\n\n<p><strong>R\u00fctenbrock hat einen neuen K\u00f6nig<\/strong><\/p>\n\n\n\n<p>In einem spannenden Wettkampf zwischen Daniel Tieben, Andr\u00e9 Albrecht konnte Pedro Kemper das K\u00f6nigschie\u00dfen des B\u00fcrgersch\u00fctzenvereins R\u00fctenbrock f\u00fcr sich entscheiden. Damit sind Pedro I. und Manuela Kemper das 49ste Sch\u00fctzenk\u00f6nigspaar des Vereins, der in diesem Jahr sein 50j\u00e4hriges Jubil\u00e4um feiert. Zu ihrem Throngefolge w\u00e4hlten sie Rainer und Karin Koop, Reinhold und Hanna Hagen, Harald und Helga Soppe, Frank und Andrea Schoneville, Guido und Daniela Neehoff, Andr\u00e9 und Natalie Albrecht, Heinz und Petra Tieben. Sie werden im n\u00e4chsten Jahr erg\u00e4nzt mit Christian und Doris Rosen und J\u00fcrgen und Daniela Ellermann.<\/p>\n\n\n\n<figure class=\"wp-block-image size-large is-resized\"><img loading=\"lazy\" decoding=\"async\" width=\"1024\" height=\"615\" src=\"https:\/\/schuetzenverein-ruetenbrock.de\/wp-content\/uploads\/2025\/07\/Thron-BSV-Ruetenbrock-2005-2026-1024x615.jpg\" alt=\"\" class=\"wp-image-579\" style=\"width:391px;height:auto\" srcset=\"https:\/\/schuetzenverein-ruetenbrock.de\/wp-content\/uploads\/2025\/07\/Thron-BSV-Ruetenbrock-2005-2026-1024x615.jpg 1024w, https:\/\/schuetzenverein-ruetenbrock.de\/wp-content\/uploads\/2025\/07\/Thron-BSV-Ruetenbrock-2005-2026-300x180.jpg 300w, https:\/\/schuetzenverein-ruetenbrock.de\/wp-content\/uploads\/2025\/07\/Thron-BSV-Ruetenbrock-2005-2026-768x461.jpg 768w, https:\/\/schuetzenverein-ruetenbrock.de\/wp-content\/uploads\/2025\/07\/Thron-BSV-Ruetenbrock-2005-2026-1536x923.jpg 1536w, https:\/\/schuetzenverein-ruetenbrock.de\/wp-content\/uploads\/2025\/07\/Thron-BSV-Ruetenbrock-2005-2026-2048x1230.jpg 2048w, https:\/\/schuetzenverein-ruetenbrock.de\/wp-content\/uploads\/2025\/07\/Thron-BSV-Ruetenbrock-2005-2026-500x300.jpg 500w\" sizes=\"auto, (max-width: 1024px) 100vw, 1024px\" \/><\/figure>\n\n\n\n<p>Foto: Heike Neehoff<\/p>\n\n\n\n<p>Bildtext: Der neue Thron des B\u00fcrgersch\u00fctzenvereins R\u00fctenbrock v.lks. Rainer und Karin Koop, Reinhold und Hanna Hagen, Harald und Helga Soppe, das K\u00f6nigspaar Pedro I. und Manuela Kemper, Frank und Andrea Schoneville, Guido und Daniela Neehoff, Andr\u00e9 und Natalie Albrecht, Heinz und Petra Tieben (nicht im Bild Christian und Doris Rosen und J\u00fcrgen und Daniela Ellermann)<\/p>\n\n\n\n<figure class=\"wp-block-image size-large\"><img decoding=\"async\" src=\"https:\/\/schuetzenverein-ruetenbrock.de\/wp-content\/uploads\/2025\/07\/Thron-BSV-Ruetenbrock-2025-2026B-742x1024.jpg\" alt=\"\" class=\"wp-image-580\"\/><\/figure>\n\n\n\n<p>Foto: A. Terborg<\/p>\n\n\n\n<p>Das neue K\u00f6nigspaar Pedro I. und Manuela Kemper<strong>Jubil\u00e4um mit Kaiserschie\u00dfen er\u00f6ffnet<\/strong><\/p>\n\n\n\n<p><strong>Er\u00f6ffnung gro\u00dfer Erfolg<\/strong><\/p>\n\n\n\n<p>nach 227 Schuss konnte Markus Teiken die Spannung der Zuschauer und Mitbewerber aufl\u00f6sen! Zum Jubil\u00e4ums-Fest wurde Markus I zum Vereinskaiser proklamiert und schieb sich damit zusammen mit seiner Frau Claudia als zweites Vereinskaiserpaar in die Vereinsgeschichte der R\u00fctenbrock B\u00fcrgersch\u00fctzen ein.<\/p>\n\n\n\n<figure class=\"wp-block-image size-large is-resized\"><img loading=\"lazy\" decoding=\"async\" width=\"1024\" height=\"684\" src=\"https:\/\/schuetzenverein-ruetenbrock.de\/wp-content\/uploads\/2025\/07\/ATR_0232-1024x684.png\" alt=\"\" class=\"wp-image-566\" style=\"width:403px;height:auto\" srcset=\"https:\/\/schuetzenverein-ruetenbrock.de\/wp-content\/uploads\/2025\/07\/ATR_0232-1024x684.png 1024w, https:\/\/schuetzenverein-ruetenbrock.de\/wp-content\/uploads\/2025\/07\/ATR_0232-300x201.png 300w, https:\/\/schuetzenverein-ruetenbrock.de\/wp-content\/uploads\/2025\/07\/ATR_0232-768x513.png 768w, https:\/\/schuetzenverein-ruetenbrock.de\/wp-content\/uploads\/2025\/07\/ATR_0232-1536x1027.png 1536w, https:\/\/schuetzenverein-ruetenbrock.de\/wp-content\/uploads\/2025\/07\/ATR_0232-2048x1369.png 2048w, https:\/\/schuetzenverein-ruetenbrock.de\/wp-content\/uploads\/2025\/07\/ATR_0232-449x300.png 449w\" sizes=\"auto, (max-width: 1024px) 100vw, 1024px\" \/><\/figure>\n\n\n\n<p>Nach 227 Sch\u00fcssen auf den Adler konnte Markus Teiken f\u00fcr sich und seine Frau Claudia<\/p>\n\n\n\n<p>&nbsp;die Vereinskaiserw\u00fcrde erringen.<\/p>\n\n\n\n<p><strong>27 ehemalige Sch\u00fctzenk\u00f6nige<\/strong> waren der Einladung des Vereins gefolgt und kamen zur Er\u00f6ffnung des Jubil\u00e4ums-Sch\u00fctzenfestes 2025, das mit einer Kaffeetafel begann. Eingeladen waren hierzu jedoch nicht nur die K\u00f6nigspaare mit ihren jeweiligen Throngefolgen, sondern auch 35 Mitglieder, die dem Verein schon 50 Jahre, also von Beginn an, die Treue gehalten haben.<\/p>\n\n\n\n<p>Unter ihnen waren unter anderem auch noch sieben Gr\u00fcndungs-Mitglieder und mit G\u00fcnter Heller sogar jemand aus dem Gr\u00fcndungsvorstand. Alle, Vorstand, Offiziere und Festausschuss freuten sich \u00fcber den gro\u00dfen Zuspruch, ann\u00e4hernd 300 Personen waren ihrer Einladung gefolgt.<\/p>\n\n\n\n<p><strong>Spannend war das Vereinskaiserschie\u00dfen<\/strong>, von den 27 anwesenden ehemaligen Sch\u00fctzenk\u00f6nigen traten 24 zum Wettbewerb an. Alle freuten sich nach einem spannenden und fairen Wettkampf mit Markus Teiken \u00fcber seinen Erfolg. Das jetzige Kaiserpaar war w\u00e4hrend der Corona-Pandemie von 2019 bis 2022 K\u00f6nigspaar des Vereins.<\/p>\n\n\n\n<figure class=\"wp-block-image size-large\"><img loading=\"lazy\" decoding=\"async\" width=\"1024\" height=\"569\" src=\"https:\/\/schuetzenverein-ruetenbrock.de\/wp-content\/uploads\/2025\/07\/ehemalige-Koenige-1024x569.png\" alt=\"\" class=\"wp-image-567\" srcset=\"https:\/\/schuetzenverein-ruetenbrock.de\/wp-content\/uploads\/2025\/07\/ehemalige-Koenige-1024x569.png 1024w, https:\/\/schuetzenverein-ruetenbrock.de\/wp-content\/uploads\/2025\/07\/ehemalige-Koenige-300x167.png 300w, https:\/\/schuetzenverein-ruetenbrock.de\/wp-content\/uploads\/2025\/07\/ehemalige-Koenige-768x427.png 768w, https:\/\/schuetzenverein-ruetenbrock.de\/wp-content\/uploads\/2025\/07\/ehemalige-Koenige-1536x853.png 1536w, https:\/\/schuetzenverein-ruetenbrock.de\/wp-content\/uploads\/2025\/07\/ehemalige-Koenige-500x278.png 500w, https:\/\/schuetzenverein-ruetenbrock.de\/wp-content\/uploads\/2025\/07\/ehemalige-Koenige.png 1978w\" sizes=\"auto, (max-width: 1024px) 100vw, 1024px\" \/><\/figure>\n\n\n\n<p>27 ehemalige Sch\u00fctzenk\u00f6nige waren zum Vereinsjubil\u00e4um gekommen<\/p>\n","protected":false},"excerpt":{"rendered":"<p>R\u00fctenbrock hat einen neuen K\u00f6nig In einem spannenden Wettkampf zwischen Daniel Tieben, Andr\u00e9 Albrecht konnte Pedro Kemper das K\u00f6nigschie\u00dfen des B\u00fcrgersch\u00fctzenvereins R\u00fctenbrock f\u00fcr sich entscheiden. Damit sind Pedro I. und Manuela Kemper das 49ste Sch\u00fctzenk\u00f6nigspaar des Vereins, der in diesem &hellip; <a href=\"https:\/\/schuetzenverein-ruetenbrock.de\/?page_id=43\">Weiterlesen <span class=\"meta-nav\">&rarr;<\/span><\/a><\/p>\n","protected":false},"author":1,"featured_media":0,"parent":0,"menu_order":0,"comment_status":"closed","ping_status":"closed","template":"","meta":{"footnotes":""},"class_list":["post-43","page","type-page","status-publish","hentry"],"_links":{"self":[{"href":"https:\/\/schuetzenverein-ruetenbrock.de\/index.php?rest_route=\/wp\/v2\/pages\/43","targetHints":{"allow":["GET"]}}],"collection":[{"href":"https:\/\/schuetzenverein-ruetenbrock.de\/index.php?rest_route=\/wp\/v2\/pages"}],"about":[{"href":"https:\/\/schuetzenverein-ruetenbrock.de\/index.php?rest_route=\/wp\/v2\/types\/page"}],"author":[{"embeddable":true,"href":"https:\/\/schuetzenverein-ruetenbrock.de\/index.php?rest_route=\/wp\/v2\/users\/1"}],"replies":[{"embeddable":true,"href":"https:\/\/schuetzenverein-ruetenbrock.de\/index.php?rest_route=%2Fwp%2Fv2%2Fcomments&post=43"}],"version-history":[{"count":11,"href":"https:\/\/schuetzenverein-ruetenbrock.de\/index.php?rest_route=\/wp\/v2\/pages\/43\/revisions"}],"predecessor-version":[{"id":781,"href":"https:\/\/schuetzenverein-ruetenbrock.de\/index.php?rest_route=\/wp\/v2\/pages\/43\/revisions\/781"}],"wp:attachment":[{"href":"https:\/\/schuetzenverein-ruetenbrock.de\/index.php?rest_route=%2Fwp%2Fv2%2Fmedia&parent=43"}],"curies":[{"name":"wp","href":"https:\/\/api.w.org\/{rel}","templated":true}]}}