{"id":542,"date":"2025-07-09T22:54:05","date_gmt":"2025-07-09T20:54:05","guid":{"rendered":"https:\/\/schuetzenverein-ruetenbrock.de\/?page_id=542"},"modified":"2025-07-20T15:47:16","modified_gmt":"2025-07-20T13:47:16","slug":"presse","status":"publish","type":"page","link":"https:\/\/schuetzenverein-ruetenbrock.de\/?page_id=542","title":{"rendered":"Presse"},"content":{"rendered":"\n<p><strong>Sch\u00fctzenk\u00f6nig 2025\/26 in R\u00fctenbrock<\/strong><strong><\/strong><\/p>\n\n\n\n<p>Von&nbsp;<a href=\"https:\/\/www.noz.de\/kontakt\/autor\/Reinhild-Wilmes-20018873\"><strong>Reinhild Wilmes<\/strong><\/a>&nbsp;| 18.07.2025, 19:20 Uhr<\/p>\n\n\n\n<figure class=\"wp-block-image size-full\"><img loading=\"lazy\" decoding=\"async\" width=\"611\" height=\"360\" src=\"https:\/\/schuetzenverein-ruetenbrock.de\/wp-content\/uploads\/2025\/07\/0-15.png\" alt=\"\" class=\"wp-image-604\" srcset=\"https:\/\/schuetzenverein-ruetenbrock.de\/wp-content\/uploads\/2025\/07\/0-15.png 611w, https:\/\/schuetzenverein-ruetenbrock.de\/wp-content\/uploads\/2025\/07\/0-15-300x177.png 300w, https:\/\/schuetzenverein-ruetenbrock.de\/wp-content\/uploads\/2025\/07\/0-15-500x295.png 500w\" sizes=\"auto, (max-width: 611px) 100vw, 611px\" \/><\/figure>\n\n\n\n<p>Das neue Throngefolge bilden Rainer und Karin Koop, Reinhold und Hanna Hagen, Harald und Helga Soppe, Frank und Andrea Schoneville, Guido und Daniela Neehoff, Andr\u00e9 und Natalie Albrecht sowie Heinz und Petra Tieben. Es fehlen Christian und Doris Rosen sowie J\u00fcrgen und Daniela Ellermann. Foto: Sch\u00fctzenverein R\u00fctenbrock<\/p>\n\n\n\n<h2 class=\"wp-block-heading\"><strong>Der B\u00fcrgersch\u00fctzenverein R\u00fctenbrock hat im Jubil\u00e4umsjahr einen neuen Sch\u00fctzenk\u00f6nig. Pedro Kemper hat die K\u00f6nigsw\u00fcrde erworben.<\/strong><\/h2>\n\n\n\n<p>In einem spannenden Wettkampf zwischen Daniel Tieben, Andr\u00e9 Albrecht konnte Pedro Kemper im Jubil\u00e4umsjahr das K\u00f6nigschie\u00dfen des B\u00fcrgersch\u00fctzenvereins R\u00fctenbrock f\u00fcr sich entscheiden. Zur Sch\u00fctzenk\u00f6nigin erkor er Manuela Kemper.<\/p>\n\n\n\n<p>Sch\u00fctzenk\u00f6nig Kemper l\u00f6st somit den&nbsp;<a href=\"https:\/\/www.noz.de\/lokales\/haren\/artikel\/philipp-jaenen-koenig-2024-beim-buergerschuetzenverein-ruetenbrock-47445564\">Vorg\u00e4nger Philipp J\u00e4nen<\/a>&nbsp;aus dem letzten Jahr ab.<\/p>\n\n\n\n<p>Zu ihrem Throngefolge w\u00e4hlten die neuen Majest\u00e4ten laut einer Pressemitteilung des Vereins Rainer und Karin Koop, Reinhold und Hanna Hagen, Harald und Helga Soppe, Frank und Andrea Schoneville, Guido und Daniela Neehoff, Andr\u00e9 und Natalie Albrecht und Heinz und Petra Tieben, Christian und Doris Rosen sowie J\u00fcrgen und Daniela Ellermann.<\/p>\n\n\n\n<h2 class=\"wp-block-heading\"><strong>50-j\u00e4hriges Bestehen in Haren<\/strong><\/h2>\n\n\n\n<h2 class=\"wp-block-heading\"><strong>Sch\u00fctzenfest in R\u00fctenbrock: Der Jubil\u00e4ums<\/strong><strong>-(MT: Sternmarsch)<\/strong><strong> Festumzug in Bildern<\/strong><strong><\/strong><\/h2>\n\n\n\n<h2 class=\"wp-block-heading\">Von&nbsp;<strong>Bianca Meyering<\/strong>&nbsp;| 14.07.2025, 19:05 Uhr<\/h2>\n\n\n\n<p>Sein 50-j\u00e4hriges Bestehen zelebrierte der B\u00fcrgersch\u00fctzenverein R\u00fctenbrock mit einem (MT: Sternmarsch) Festumzug zum Sportplatz im Harener Stadtteil. Viele Mitglieder, Musikgruppen und Gastvereine folgten dem Aufruf. Wir zeigen in unserer Galerie die sch\u00f6nsten<\/p>\n\n\n\n<figure class=\"wp-block-image size-full\"><img loading=\"lazy\" decoding=\"async\" width=\"375\" height=\"250\" src=\"https:\/\/schuetzenverein-ruetenbrock.de\/wp-content\/uploads\/2025\/07\/1-15.png\" alt=\"\" class=\"wp-image-605\" srcset=\"https:\/\/schuetzenverein-ruetenbrock.de\/wp-content\/uploads\/2025\/07\/1-15.png 375w, https:\/\/schuetzenverein-ruetenbrock.de\/wp-content\/uploads\/2025\/07\/1-15-300x200.png 300w\" sizes=\"auto, (max-width: 375px) 100vw, 375px\" \/><\/figure>\n\n\n\n<p>Foto: Bianca Meyering 1\/15<\/p>\n\n\n\n<p>Das K\u00f6nigspaar Philipp und Iris J\u00e4nen (zweite Reihe) macht sich zusammen mit seinem Throngefolge auf den Weg.<\/p>\n\n\n\n<figure class=\"wp-block-image size-full\"><img loading=\"lazy\" decoding=\"async\" width=\"375\" height=\"280\" src=\"https:\/\/schuetzenverein-ruetenbrock.de\/wp-content\/uploads\/2025\/07\/2-15.png\" alt=\"\" class=\"wp-image-606\" srcset=\"https:\/\/schuetzenverein-ruetenbrock.de\/wp-content\/uploads\/2025\/07\/2-15.png 375w, https:\/\/schuetzenverein-ruetenbrock.de\/wp-content\/uploads\/2025\/07\/2-15-300x224.png 300w\" sizes=\"auto, (max-width: 375px) 100vw, 375px\" \/><\/figure>\n\n\n\n<p><a>Foto: Bianca Meyering <\/a>2\/15<\/p>\n\n\n\n<p>Zu Beginn des Sternmarschs f\u00fchrten die Neusustrumer Musikanten die Mitglieder des B\u00fcrgersch\u00fctzenvereins R\u00fctenbrock zum Haus des K\u00f6nigspaares.<\/p>\n\n\n\n<figure class=\"wp-block-image size-full\"><img loading=\"lazy\" decoding=\"async\" width=\"375\" height=\"251\" src=\"https:\/\/schuetzenverein-ruetenbrock.de\/wp-content\/uploads\/2025\/07\/3-15.png\" alt=\"\" class=\"wp-image-607\" srcset=\"https:\/\/schuetzenverein-ruetenbrock.de\/wp-content\/uploads\/2025\/07\/3-15.png 375w, https:\/\/schuetzenverein-ruetenbrock.de\/wp-content\/uploads\/2025\/07\/3-15-300x201.png 300w\" sizes=\"auto, (max-width: 375px) 100vw, 375px\" \/><\/figure>\n\n\n\n<p>Foto: Bianca Meyering 3\/15<\/p>\n\n\n\n<p>Die Musiker hatten an diesem Tag viel Spa\u00df.<\/p>\n\n\n\n<figure class=\"wp-block-image size-full\"><img loading=\"lazy\" decoding=\"async\" width=\"375\" height=\"250\" src=\"https:\/\/schuetzenverein-ruetenbrock.de\/wp-content\/uploads\/2025\/07\/4-15.png\" alt=\"\" class=\"wp-image-608\" srcset=\"https:\/\/schuetzenverein-ruetenbrock.de\/wp-content\/uploads\/2025\/07\/4-15.png 375w, https:\/\/schuetzenverein-ruetenbrock.de\/wp-content\/uploads\/2025\/07\/4-15-300x200.png 300w\" sizes=\"auto, (max-width: 375px) 100vw, 375px\" \/><\/figure>\n\n\n\n<p>Foto: Bianca Meyering 4\/15<\/p>\n\n\n\n<p>Die Senioren des Sch\u00fctzenvereins absolvierten die Strecke im Planwagen.<\/p>\n\n\n\n<figure class=\"wp-block-image size-full\"><img loading=\"lazy\" decoding=\"async\" width=\"375\" height=\"270\" src=\"https:\/\/schuetzenverein-ruetenbrock.de\/wp-content\/uploads\/2025\/07\/5-15.png\" alt=\"\" class=\"wp-image-609\" srcset=\"https:\/\/schuetzenverein-ruetenbrock.de\/wp-content\/uploads\/2025\/07\/5-15.png 375w, https:\/\/schuetzenverein-ruetenbrock.de\/wp-content\/uploads\/2025\/07\/5-15-300x216.png 300w\" sizes=\"auto, (max-width: 375px) 100vw, 375px\" \/><\/figure>\n\n\n\n<p>Foto: Bianca Meyering 5\/15<\/p>\n\n\n\n<p>Beim Haus des K\u00f6nigs standen die Sch\u00fctzen zun\u00e4chst in Reih und Glied zusammen.<\/p>\n\n\n\n<figure class=\"wp-block-image size-full\"><img loading=\"lazy\" decoding=\"async\" width=\"375\" height=\"288\" src=\"https:\/\/schuetzenverein-ruetenbrock.de\/wp-content\/uploads\/2025\/07\/6-15.png\" alt=\"\" class=\"wp-image-610\" srcset=\"https:\/\/schuetzenverein-ruetenbrock.de\/wp-content\/uploads\/2025\/07\/6-15.png 375w, https:\/\/schuetzenverein-ruetenbrock.de\/wp-content\/uploads\/2025\/07\/6-15-300x230.png 300w\" sizes=\"auto, (max-width: 375px) 100vw, 375px\" \/><\/figure>\n\n\n\n<p>Foto: Bianca Meyering 6\/15<\/p>\n\n\n\n<p>Der 1. Kommandeur Matthias Osewold (von links) holte das K\u00f6nigspaar Philipp und Iris J\u00e4nen ab. Mit ihm schreitet das K\u00f6nigspaar die Sch\u00fctzen ab.<\/p>\n\n\n\n<figure class=\"wp-block-image size-full\"><img loading=\"lazy\" decoding=\"async\" width=\"375\" height=\"250\" src=\"https:\/\/schuetzenverein-ruetenbrock.de\/wp-content\/uploads\/2025\/07\/7-15.png\" alt=\"\" class=\"wp-image-611\" srcset=\"https:\/\/schuetzenverein-ruetenbrock.de\/wp-content\/uploads\/2025\/07\/7-15.png 375w, https:\/\/schuetzenverein-ruetenbrock.de\/wp-content\/uploads\/2025\/07\/7-15-300x200.png 300w\" sizes=\"auto, (max-width: 375px) 100vw, 375px\" \/><\/figure>\n\n\n\n<p>Foto: Bianca Meyering 7\/15<\/p>\n\n\n\n<p>Danach lud das K\u00f6nigspaar alle anwesenden Sch\u00fctzen zu einem kleinen Umtrunk ein. Zwei Senioren haben es sich auf einer Bank gem\u00fctlich gemacht.<\/p>\n\n\n\n<figure class=\"wp-block-image size-full\"><img loading=\"lazy\" decoding=\"async\" width=\"375\" height=\"286\" src=\"https:\/\/schuetzenverein-ruetenbrock.de\/wp-content\/uploads\/2025\/07\/8-15.png\" alt=\"\" class=\"wp-image-612\" srcset=\"https:\/\/schuetzenverein-ruetenbrock.de\/wp-content\/uploads\/2025\/07\/8-15.png 375w, https:\/\/schuetzenverein-ruetenbrock.de\/wp-content\/uploads\/2025\/07\/8-15-300x229.png 300w\" sizes=\"auto, (max-width: 375px) 100vw, 375px\" \/><\/figure>\n\n\n\n<p>Foto: Bianca Meyering 8\/15<\/p>\n\n\n\n<p>Die Frauenschie\u00dfgruppe des Vereins R\u00fctenbrock war selbstverst\u00e4ndlich auch dabei<\/p>\n\n\n\n<figure class=\"wp-block-image size-full\"><img loading=\"lazy\" decoding=\"async\" width=\"375\" height=\"169\" src=\"https:\/\/schuetzenverein-ruetenbrock.de\/wp-content\/uploads\/2025\/07\/9-15.png\" alt=\"\" class=\"wp-image-613\" srcset=\"https:\/\/schuetzenverein-ruetenbrock.de\/wp-content\/uploads\/2025\/07\/9-15.png 375w, https:\/\/schuetzenverein-ruetenbrock.de\/wp-content\/uploads\/2025\/07\/9-15-300x135.png 300w\" sizes=\"auto, (max-width: 375px) 100vw, 375px\" \/><\/figure>\n\n\n\n<p>Foto: Bianca Meyering 9\/15<\/p>\n\n\n\n<p>Das Jugendblasorchester Tinnen spielte ebenfalls bei diesem Jubelsch\u00fctzenfest in R\u00fctenbrock auf.<\/p>\n\n\n\n<figure class=\"wp-block-image size-full\"><img loading=\"lazy\" decoding=\"async\" width=\"375\" height=\"274\" src=\"https:\/\/schuetzenverein-ruetenbrock.de\/wp-content\/uploads\/2025\/07\/10-15.png\" alt=\"\" class=\"wp-image-614\" srcset=\"https:\/\/schuetzenverein-ruetenbrock.de\/wp-content\/uploads\/2025\/07\/10-15.png 375w, https:\/\/schuetzenverein-ruetenbrock.de\/wp-content\/uploads\/2025\/07\/10-15-300x219.png 300w\" sizes=\"auto, (max-width: 375px) 100vw, 375px\" \/><\/figure>\n\n\n\n<p>Foto: Bianca Meyering 10\/15<\/p>\n\n\n\n<p>Das K\u00f6nigspaar und ihr Throngefolge fuhren die Strecke in diesem Festwagen.<\/p>\n\n\n\n<figure class=\"wp-block-image size-full\"><img loading=\"lazy\" decoding=\"async\" width=\"375\" height=\"317\" src=\"https:\/\/schuetzenverein-ruetenbrock.de\/wp-content\/uploads\/2025\/07\/11-15.png\" alt=\"\" class=\"wp-image-615\" srcset=\"https:\/\/schuetzenverein-ruetenbrock.de\/wp-content\/uploads\/2025\/07\/11-15.png 375w, https:\/\/schuetzenverein-ruetenbrock.de\/wp-content\/uploads\/2025\/07\/11-15-300x254.png 300w, https:\/\/schuetzenverein-ruetenbrock.de\/wp-content\/uploads\/2025\/07\/11-15-355x300.png 355w\" sizes=\"auto, (max-width: 375px) 100vw, 375px\" \/><\/figure>\n\n\n\n<p>Foto: Bianca Meyering 11\/15<\/p>\n\n\n\n<p>Auch die Kolpingkapelle Meppen war anl\u00e4sslich des 50. Jubil\u00e4ums des B\u00fcrgersch\u00fctzenvereins R\u00fctenbrock anwesend.<\/p>\n\n\n\n<figure class=\"wp-block-image size-full\"><img loading=\"lazy\" decoding=\"async\" width=\"375\" height=\"203\" src=\"https:\/\/schuetzenverein-ruetenbrock.de\/wp-content\/uploads\/2025\/07\/12-15.png\" alt=\"\" class=\"wp-image-616\" srcset=\"https:\/\/schuetzenverein-ruetenbrock.de\/wp-content\/uploads\/2025\/07\/12-15.png 375w, https:\/\/schuetzenverein-ruetenbrock.de\/wp-content\/uploads\/2025\/07\/12-15-300x162.png 300w\" sizes=\"auto, (max-width: 375px) 100vw, 375px\" \/><\/figure>\n\n\n\n<p>&nbsp;Foto: Bianca Meyering 12\/15<\/p>\n\n\n\n<p>Insgesamt kamen 14 Gast-Vereine am B\u00fcters Weg zum Sternmarsch zusammen. Die Mitglieder des Sch\u00fctzenvereins Lindloh, der Klapster Schutters Musselkanaal und des Sch\u00fctzenvereins R\u00fctenmoor warten auf den Start.<\/p>\n\n\n\n<figure class=\"wp-block-image size-full\"><img loading=\"lazy\" decoding=\"async\" width=\"375\" height=\"222\" src=\"https:\/\/schuetzenverein-ruetenbrock.de\/wp-content\/uploads\/2025\/07\/13-15.png\" alt=\"\" class=\"wp-image-617\" srcset=\"https:\/\/schuetzenverein-ruetenbrock.de\/wp-content\/uploads\/2025\/07\/13-15.png 375w, https:\/\/schuetzenverein-ruetenbrock.de\/wp-content\/uploads\/2025\/07\/13-15-300x178.png 300w\" sizes=\"auto, (max-width: 375px) 100vw, 375px\" \/><\/figure>\n\n\n\n<p>Foto: Bianca Meyering 13\/15<\/p>\n\n\n\n<p>Den Weg s\u00e4umten immer wieder einige Figuren aus Heuballen<\/p>\n\n\n\n<figure class=\"wp-block-image size-full\"><img loading=\"lazy\" decoding=\"async\" width=\"375\" height=\"268\" src=\"https:\/\/schuetzenverein-ruetenbrock.de\/wp-content\/uploads\/2025\/07\/14-15.png\" alt=\"\" class=\"wp-image-618\" srcset=\"https:\/\/schuetzenverein-ruetenbrock.de\/wp-content\/uploads\/2025\/07\/14-15.png 375w, https:\/\/schuetzenverein-ruetenbrock.de\/wp-content\/uploads\/2025\/07\/14-15-300x214.png 300w\" sizes=\"auto, (max-width: 375px) 100vw, 375px\" \/><\/figure>\n\n\n\n<p>Foto: Bianca Meyering 14\/15<\/p>\n\n\n\n<p>Ein imposantes Bild bot sich den zahlreichen Schaulustigen, die die Stra\u00dfen s\u00e4umten und den Sternmarsch verfolgten.<\/p>\n\n\n\n<figure class=\"wp-block-image size-full\"><img loading=\"lazy\" decoding=\"async\" width=\"375\" height=\"187\" src=\"https:\/\/schuetzenverein-ruetenbrock.de\/wp-content\/uploads\/2025\/07\/15-15.png\" alt=\"\" class=\"wp-image-619\" srcset=\"https:\/\/schuetzenverein-ruetenbrock.de\/wp-content\/uploads\/2025\/07\/15-15.png 375w, https:\/\/schuetzenverein-ruetenbrock.de\/wp-content\/uploads\/2025\/07\/15-15-300x150.png 300w\" sizes=\"auto, (max-width: 375px) 100vw, 375px\" \/><\/figure>\n\n\n\n<p>Foto: Bianca Meyering 15\/15<\/p>\n\n\n\n<p>Auf dem Sportplatz versammelten sich alle Gastvereine zum offiziellen Antreten. Das K\u00f6nigspaar Philipp und Iris J\u00e4nen schreitet zusammen mit seinem Throngefolge die Reihen der Sch\u00fctzenvereine ab.<\/p>\n\n\n\n<figure class=\"wp-block-image size-large\"><img loading=\"lazy\" decoding=\"async\" width=\"696\" height=\"1024\" src=\"https:\/\/schuetzenverein-ruetenbrock.de\/wp-content\/uploads\/2025\/07\/Jugendschiessgruppe-1-696x1024.png\" alt=\"\" class=\"wp-image-550\" srcset=\"https:\/\/schuetzenverein-ruetenbrock.de\/wp-content\/uploads\/2025\/07\/Jugendschiessgruppe-1-696x1024.png 696w, https:\/\/schuetzenverein-ruetenbrock.de\/wp-content\/uploads\/2025\/07\/Jugendschiessgruppe-1-204x300.png 204w, https:\/\/schuetzenverein-ruetenbrock.de\/wp-content\/uploads\/2025\/07\/Jugendschiessgruppe-1-768x1130.png 768w, https:\/\/schuetzenverein-ruetenbrock.de\/wp-content\/uploads\/2025\/07\/Jugendschiessgruppe-1-1044x1536.png 1044w, https:\/\/schuetzenverein-ruetenbrock.de\/wp-content\/uploads\/2025\/07\/Jugendschiessgruppe-1-1392x2048.png 1392w, https:\/\/schuetzenverein-ruetenbrock.de\/wp-content\/uploads\/2025\/07\/Jugendschiessgruppe-1-scaled.png 1740w\" sizes=\"auto, (max-width: 696px) 100vw, 696px\" \/><\/figure>\n\n\n\n<figure class=\"wp-block-image size-large\"><img loading=\"lazy\" decoding=\"async\" width=\"694\" height=\"1024\" src=\"https:\/\/schuetzenverein-ruetenbrock.de\/wp-content\/uploads\/2025\/07\/Jugendschiessgruppe-2-694x1024.png\" alt=\"\" class=\"wp-image-551\" srcset=\"https:\/\/schuetzenverein-ruetenbrock.de\/wp-content\/uploads\/2025\/07\/Jugendschiessgruppe-2-694x1024.png 694w, https:\/\/schuetzenverein-ruetenbrock.de\/wp-content\/uploads\/2025\/07\/Jugendschiessgruppe-2-203x300.png 203w, https:\/\/schuetzenverein-ruetenbrock.de\/wp-content\/uploads\/2025\/07\/Jugendschiessgruppe-2-768x1133.png 768w, https:\/\/schuetzenverein-ruetenbrock.de\/wp-content\/uploads\/2025\/07\/Jugendschiessgruppe-2-1041x1536.png 1041w, https:\/\/schuetzenverein-ruetenbrock.de\/wp-content\/uploads\/2025\/07\/Jugendschiessgruppe-2-1388x2048.png 1388w, https:\/\/schuetzenverein-ruetenbrock.de\/wp-content\/uploads\/2025\/07\/Jugendschiessgruppe-2-scaled.png 1735w\" sizes=\"auto, (max-width: 694px) 100vw, 694px\" \/><\/figure>\n","protected":false},"excerpt":{"rendered":"<p>Sch\u00fctzenk\u00f6nig 2025\/26 in R\u00fctenbrock Von&nbsp;Reinhild Wilmes&nbsp;| 18.07.2025, 19:20 Uhr Das neue Throngefolge bilden Rainer und Karin Koop, Reinhold und Hanna Hagen, Harald und Helga Soppe, Frank und Andrea Schoneville, Guido und Daniela Neehoff, Andr\u00e9 und Natalie Albrecht sowie Heinz und &hellip; <a href=\"https:\/\/schuetzenverein-ruetenbrock.de\/?page_id=542\">Weiterlesen <span class=\"meta-nav\">&rarr;<\/span><\/a><\/p>\n","protected":false},"author":1,"featured_media":0,"parent":0,"menu_order":0,"comment_status":"closed","ping_status":"closed","template":"","meta":{"footnotes":""},"class_list":["post-542","page","type-page","status-publish","hentry"],"_links":{"self":[{"href":"https:\/\/schuetzenverein-ruetenbrock.de\/index.php?rest_route=\/wp\/v2\/pages\/542","targetHints":{"allow":["GET"]}}],"collection":[{"href":"https:\/\/schuetzenverein-ruetenbrock.de\/index.php?rest_route=\/wp\/v2\/pages"}],"about":[{"href":"https:\/\/schuetzenverein-ruetenbrock.de\/index.php?rest_route=\/wp\/v2\/types\/page"}],"author":[{"embeddable":true,"href":"https:\/\/schuetzenverein-ruetenbrock.de\/index.php?rest_route=\/wp\/v2\/users\/1"}],"replies":[{"embeddable":true,"href":"https:\/\/schuetzenverein-ruetenbrock.de\/index.php?rest_route=%2Fwp%2Fv2%2Fcomments&post=542"}],"version-history":[{"count":4,"href":"https:\/\/schuetzenverein-ruetenbrock.de\/index.php?rest_route=\/wp\/v2\/pages\/542\/revisions"}],"predecessor-version":[{"id":620,"href":"https:\/\/schuetzenverein-ruetenbrock.de\/index.php?rest_route=\/wp\/v2\/pages\/542\/revisions\/620"}],"wp:attachment":[{"href":"https:\/\/schuetzenverein-ruetenbrock.de\/index.php?rest_route=%2Fwp%2Fv2%2Fmedia&parent=542"}],"curies":[{"name":"wp","href":"https:\/\/api.w.org\/{rel}","templated":true}]}}