{"id":589,"date":"2025-07-15T17:39:53","date_gmt":"2025-07-15T15:39:53","guid":{"rendered":"https:\/\/schuetzenverein-ruetenbrock.de\/?page_id=589"},"modified":"2025-08-13T16:33:16","modified_gmt":"2025-08-13T14:33:16","slug":"links","status":"publish","type":"page","link":"https:\/\/schuetzenverein-ruetenbrock.de\/?page_id=589","title":{"rendered":"Links"},"content":{"rendered":"\n<p class=\"has-medium-font-size\"><strong>Kameradschaftsvereine<\/strong><\/p>\n\n\n\n<figure class=\"wp-block-table is-style-stripes\" style=\"font-size:16px;font-style:normal;font-weight:400\"><table class=\"has-light-gray-background-color has-background\"><thead><tr><th class=\"has-text-align-left\" data-align=\"left\"><strong><mark style=\"background-color:rgba(0, 0, 0, 0);color:#a50404\" class=\"has-inline-color\">Verein<\/mark> <\/strong><\/th><th><strong><mark style=\"background-color:rgba(0, 0, 0, 0);color:#aa0505\" class=\"has-inline-color\">Link<\/mark><\/strong><\/th><\/tr><\/thead><tbody><tr><td class=\"has-text-align-left\" data-align=\"left\">Sch\u00fctzengilde-Altenberge e.V.<\/td><td><a href=\"https:\/\/www.facebook.com\/schutzengilde.altenbergeev\/\">https:\/\/www.facebook.com\/schutzengilde.altenbergeev\/ <\/a><\/td><\/tr><tr><td class=\"has-text-align-left\" data-align=\"left\">Sch\u00fctzenverein St. Hubertus Erika e.V. <\/td><td><a href=\"https:\/\/www.facebook.com\/Schuetzenverein.Erika\/\">https:\/\/www.facebook.com\/Schuetzenverein.Erika\/ <\/a><\/td><\/tr><tr><td class=\"has-text-align-left\" data-align=\"left\">Sch\u00fctzenverein St. Hermanus Lindloh e.V. <\/td><td><a href=\"http:\/\/www.schuetzenverein-lindloh.de\/\">www.schuetzenverein-lindloh.de<\/a> <\/td><\/tr><tr><td class=\"has-text-align-left\" data-align=\"left\">Sch\u00fctzenverein St. Hubertus R\u00fctenmoor e.V. <\/td><td><a href=\"http:\/\/www.facebook.com\/schuetzenverein.ruetenmoor\/\">www.facebook.com\/schuetzenverein.ruetenmoor\/<\/a> <\/td><\/tr><tr><td class=\"has-text-align-left\" data-align=\"left\">De Klapster Schutters <\/td><td><a href=\"http:\/\/www.deklapsterschutters.nl\/\">http:\/\/www.deklapsterschutters.nl\/<\/a><\/td><\/tr><\/tbody><\/table><\/figure>\n\n\n\n<p><strong>Sch\u00fctzenvereine der Stadt Haren<\/strong><\/p>\n\n\n\n<ul class=\"wp-block-list\">\n<li>Sch\u00fctzenverein Altharen e.V. <a href=\"http:\/\/www.scghuetzenverein-altharen.de\/\">www.schuetzenverein-altharen.de<\/a><\/li>\n\n\n\n<li>Sch\u00fctzenverein Emmeln e.V. <a href=\"http:\/\/www.schuetzenverein-emmeln.de\/\">www.schuetzenverein-emmeln.de<\/a> <\/li>\n\n\n\n<li>Sch\u00fctzenverein Landegge e.V. <a href=\"http:\/\/www.sch\u00fctzenverein-landegge.de\/\">www.sch\u00fctzenverein-landegge.de<\/a> <\/li>\n\n\n\n<li>Sch\u00fctzenverein St. Bernadus Tinnen e.V. <a href=\"http:\/\/www.schuetzenverein-tinnen.de\/\">www.schuetzenverein-tinnen.de<\/a> <\/li>\n\n\n\n<li>Sch\u00fctzenverein St. Georg Wesuwe-Siedlung e.V. <a href=\"http:\/\/www.instagram.com\/schuetzenverein_wesuwesiedlung\/\">www.instagram.com\/schuetzenverein_wesuwesiedlung\/<\/a> <\/li>\n\n\n\n<li>Sch\u00fctzenverein &#8222;St. Hubertus&#8220; Fehndorf e.V. <a href=\"http:\/\/www.facebook.com\/people\/Sch%C3%BCtzenverein-Fehndorf\/100079950912074\/\">www.facebook.com\/people\/Sch%C3%BCtzenverein-Fehndorf\/100079950912074\/<\/a> Sch\u00fctzenverein St. Hubertus Wesuwe e.V. <\/li>\n\n\n\n<li><a href=\"http:\/\/www.schuetzenverein-wesuwe.de\/\">www.schuetzenverein-wesuwe.de<\/a> <\/li>\n\n\n\n<li>Sch\u00fctzenverein St. Josef Wesuwermoor e.V. <a href=\"http:\/\/www.facebook.com\/p\/Sch%C3%BCtzenverein-Wesuwermoor-100057449379798\/\">www.facebook.com\/p\/Sch%C3%BCtzenverein-Wesuwermoor-100057449379798\/<\/a> <\/li>\n\n\n\n<li>B\u00fcrgersch\u00fctzenverein Haren (Ems) e.V. <a href=\"http:\/\/www.bsv-haren.de\/\">www.bsv-haren.de<\/a><\/li>\n<\/ul>\n\n\n\n<p><strong>Musikkapellen und Bands<\/strong><\/p>\n\n\n\n<figure class=\"wp-block-table\"><table class=\"has-fixed-layout\"><tbody><tr><td>Musikkameradschaft Haren-Erika <a href=\"https:\/\/www.facebook.com\/mkharenerika\/\">https:\/\/www.facebook.com\/mkharenerika\/<\/a> Jugendblasorchester Tinnen <a href=\"https:\/\/www.instagram.com\/p\/C7ghSv3q4vO\/\">https:\/\/www.instagram.com\/p\/C7ghSv3q4vO\/<\/a> Kolpingkapelle Meppen <a href=\"https:\/\/www.kolpingkapelle-meppen.de\/\">https:\/\/www.kolpingkapelle-meppen.de\/<\/a> Musikverein Hebelermeer e. V. <a href=\"http:\/\/www.facebook.com\/Musikverein.Hebelermeer\/\">www.facebook.com\/Musikverein.Hebelermeer\/<\/a><\/td><td><\/td><\/tr><\/tbody><\/table><\/figure>\n\n\n\n<p><strong>Unterst\u00fctzer und Freunde<\/strong><\/p>\n\n\n\n<figure class=\"wp-block-table\"><table class=\"has-fixed-layout\"><tbody><tr><td>VFL R\u00fctenbrock <a href=\"http:\/\/www.vfl-ruetenbrock.de\/\">www.vfl-ruetenbrock.de<\/a> <br>TV R\u00fctenbrock <a href=\"http:\/\/www.tv-ruetenbrock.de\/\">www.tv-ruetenbrock.de<\/a> Heimatfreunde Kirchspiel R\u00fctenbrock e.V. <a href=\"http:\/\/www.heimatverein-ruetenbrock.de\/\">www.heimatverein-ruetenbrock.de<\/a> <br>Kath. Kirchengemeinde St. Maximilian <a href=\"http:\/\/www.kirche4you.de\/\">www.kirche4you.de<\/a><\/td><td><\/td><\/tr><\/tbody><\/table><\/figure>\n","protected":false},"excerpt":{"rendered":"<p>Kameradschaftsvereine Verein Link Sch\u00fctzengilde-Altenberge e.V. https:\/\/www.facebook.com\/schutzengilde.altenbergeev\/ Sch\u00fctzenverein St. Hubertus Erika e.V. https:\/\/www.facebook.com\/Schuetzenverein.Erika\/ Sch\u00fctzenverein St. Hermanus Lindloh e.V. www.schuetzenverein-lindloh.de Sch\u00fctzenverein St. Hubertus R\u00fctenmoor e.V. www.facebook.com\/schuetzenverein.ruetenmoor\/ De Klapster Schutters http:\/\/www.deklapsterschutters.nl\/ Sch\u00fctzenvereine der Stadt Haren Musikkapellen und Bands Musikkameradschaft Haren-Erika https:\/\/www.facebook.com\/mkharenerika\/ Jugendblasorchester Tinnen &hellip; <a href=\"https:\/\/schuetzenverein-ruetenbrock.de\/?page_id=589\">Weiterlesen <span class=\"meta-nav\">&rarr;<\/span><\/a><\/p>\n","protected":false},"author":1,"featured_media":0,"parent":0,"menu_order":0,"comment_status":"closed","ping_status":"closed","template":"","meta":{"footnotes":""},"class_list":["post-589","page","type-page","status-publish","hentry"],"_links":{"self":[{"href":"https:\/\/schuetzenverein-ruetenbrock.de\/index.php?rest_route=\/wp\/v2\/pages\/589","targetHints":{"allow":["GET"]}}],"collection":[{"href":"https:\/\/schuetzenverein-ruetenbrock.de\/index.php?rest_route=\/wp\/v2\/pages"}],"about":[{"href":"https:\/\/schuetzenverein-ruetenbrock.de\/index.php?rest_route=\/wp\/v2\/types\/page"}],"author":[{"embeddable":true,"href":"https:\/\/schuetzenverein-ruetenbrock.de\/index.php?rest_route=\/wp\/v2\/users\/1"}],"replies":[{"embeddable":true,"href":"https:\/\/schuetzenverein-ruetenbrock.de\/index.php?rest_route=%2Fwp%2Fv2%2Fcomments&post=589"}],"version-history":[{"count":4,"href":"https:\/\/schuetzenverein-ruetenbrock.de\/index.php?rest_route=\/wp\/v2\/pages\/589\/revisions"}],"predecessor-version":[{"id":656,"href":"https:\/\/schuetzenverein-ruetenbrock.de\/index.php?rest_route=\/wp\/v2\/pages\/589\/revisions\/656"}],"wp:attachment":[{"href":"https:\/\/schuetzenverein-ruetenbrock.de\/index.php?rest_route=%2Fwp%2Fv2%2Fmedia&parent=589"}],"curies":[{"name":"wp","href":"https:\/\/api.w.org\/{rel}","templated":true}]}}